{"id":4574,"date":"2021-02-18T15:05:05","date_gmt":"2021-02-18T13:05:05","guid":{"rendered":"https:\/\/kingdommilitarytraining.com\/product\/eine-begegnung-mit-gott-buch\/"},"modified":"2025-03-21T22:18:46","modified_gmt":"2025-03-21T20:18:46","slug":"eine-begegnung-mit-gott-buch","status":"publish","type":"product","link":"https:\/\/kingdommilitarytraining.com\/de\/produkt\/eine-begegnung-mit-gott-buch\/","title":{"rendered":"Erziehung: Eine Begegnung mit Gott (Buch)"},"content":{"rendered":"<div class=\"page\" title=\"Seite 1\">\n<div class=\"section\">\n<div class=\"layoutArea\">\n<div class=\"column\">\n<p>K\u00f6nnen f\u00fcnf Minuten pro Tag f\u00fcr 30 Tage dein Leben komplett ver\u00e4ndern? Sei davon \u00fcberzeugt! Dieses Buch fordert dich heraus, den lebendigen Gott zu suchen! Noch besser: Gott hat<br \/>\nschon lange nach dir gesucht und heute ist deine Chance, ihn pers\u00f6nlich zu treffen.   <\/p>\n<p>Was mache ich hier auf der Erde? Was ist der Sinn des Lebens? Was passiert nach dem Tod? Gibt es einen Gott? Das sind Fragen, die Robert in seinem Leben hatte. Anhand von pers\u00f6nlichen Ereignissen aus seinem Leben erz\u00e4hlt er offen und ehrlich, wie er Antworten auf seine Lebensfragen gefunden hat.     <\/p>\n<p>Hast du jemals dar\u00fcber nachgedacht? Dann ist dies das richtige Buch f\u00fcr dich. Robert glaubt, dass es nur eine Sache im Leben gibt, die dich wirklich gl\u00fccklich machen kann.<br \/>\nWirst du dich ihm auf seiner Suche nach Gott anschlie\u00dfen?  <\/p>\n<p>Traust du dich?<\/p>\n<\/div>\n<\/div>\n<\/div>\n<\/div>\n<p><!--themify_builder_static--><!--\/themify_builder_static--><\/p>\n","protected":false},"excerpt":{"rendered":"excerpt","protected":false},"featured_media":4474,"comment_status":"closed","ping_status":"closed","template":"","meta":{"episode_type":"","audio_file":"","podmotor_file_id":"","podmotor_episode_id":"","cover_image":"","cover_image_id":"","duration":"","filesize":"","filesize_raw":"","date_recorded":"","explicit":"","block":""},"product_brand":[],"product_cat":[97],"product_tag":[],"class_list":{"0":"post-4574","1":"product","2":"type-product","3":"status-publish","4":"has-post-thumbnail","6":"product_cat-bucher","7":false,"10":"first","11":"instock","12":"shipping-taxable","13":"purchasable","14":"product-type-simple"},"column":true,"wpcf_product":{"display_name":"Robert Bron","location":"","funding_goal":"","total_raised":"14.850000000000001","raised_percent":"0%","desc":"","days_remaining":0,"product_thumb":"<img width=\"300\" height=\"408\" src=\"https:\/\/kingdommilitarytraining.com\/wp-content\/uploads\/2021\/03\/ontmoeting-met-God-300x408.jpg\" class=\"attachment-woocommerce_thumbnail size-woocommerce_thumbnail\" alt=\"Erziehung: Eine Begegnung mit Gott (Buch)\" decoding=\"async\" srcset=\"https:\/\/kingdommilitarytraining.com\/wp-content\/uploads\/2021\/03\/ontmoeting-met-God-300x408.jpg 300w, https:\/\/kingdommilitarytraining.com\/wp-content\/uploads\/2021\/03\/ontmoeting-met-God-221x300.jpg 221w, https:\/\/kingdommilitarytraining.com\/wp-content\/uploads\/2021\/03\/ontmoeting-met-God-478x650.jpg 478w, https:\/\/kingdommilitarytraining.com\/wp-content\/uploads\/2021\/03\/ontmoeting-met-God.jpg 501w\" sizes=\"(max-width: 300px) 100vw, 300px\" \/>"},"wpcf_dashboard":"<div class=\"woocommerce\"><div class=\"woocommerce-info\">Please log in first? <a class=\"wpneoShowLogin\" href=\"#\">Click here to login<\/a><\/div><div class=\"wpneo_login_form_div\" style=\"display: none;\"><form name=\"loginform\" id=\"loginform\" action=\"https:\/\/kingdommilitarytraining.com\/de\/wp-login.php\" method=\"post\"><p class=\"login-username\">\n\t\t\t\t<label for=\"user_login\">Benutzername oder E-Mail-Adresse<\/label>\n\t\t\t\t<input type=\"text\" name=\"log\" id=\"user_login\" autocomplete=\"username\" class=\"input\" value=\"\" size=\"20\" \/>\n\t\t\t<\/p><p class=\"login-password\">\n\t\t\t\t<label for=\"user_pass\">Passwort<\/label>\n\t\t\t\t<input type=\"password\" name=\"pwd\" id=\"user_pass\" autocomplete=\"current-password\" spellcheck=\"false\" class=\"input\" value=\"\" size=\"20\" \/>\n\t\t\t<\/p><p class=\"login-remember\"><label><input name=\"rememberme\" type=\"checkbox\" id=\"rememberme\" value=\"forever\" \/> Angemeldet bleiben<\/label><\/p><p class=\"login-submit\">\n\t\t\t\t<input type=\"submit\" name=\"wp-submit\" id=\"wp-submit\" class=\"button button-primary\" value=\"Anmelden\" \/>\n\t\t\t\t<input type=\"hidden\" name=\"redirect_to\" value=\"https:\/\/kingdommilitarytraining.com\/de\/wp-json\/wp\/v2\/product\/4574\" \/>\n\t\t\t<\/p><\/form><\/div><\/div>","wpcf_single_campaign":"\n<div class=\"wpneo-wrapper\">\n\t<div class=\"wpneocf-container\">\n\t\t<div id=\"primary\" class=\"content-area\">\n\t\t\t<div id=\"content\" class=\"site-content\" role=\"main\">\n\t\t\t\t<div class=\"wpneo-list-details\">\n\n\t\t\t\t\t\t\t\t\t\t<div itemscope itemtype=\"http:\/\/schema.org\/ItemList\" id=\"campaign-4574\" class=\"post-4574 product type-product status-publish has-post-thumbnail product_cat-bucher  instock shipping-taxable purchasable product-type-simple\">\n\t\t\t\t\t\t<div class=\"wpneo-campaign-single-left-info\">\n\t<div class=\"wpneo-post-img\">   \n\t\t<a href=\"https:\/\/kingdommilitarytraining.com\/wp-content\/uploads\/2021\/03\/ontmoeting-met-God.jpg\" itemprop=\"image\" class=\"wpneo-single-main-image zoom\" title=\"\" data-rel=\"prettyPhoto[product-gallery]\"><img width=\"501\" height=\"681\" src=\"https:\/\/kingdommilitarytraining.com\/wp-content\/uploads\/2021\/03\/ontmoeting-met-God.jpg\" class=\"attachment-shop_single size-shop_single wp-post-image\" alt=\"\" title=\"Een ontmoeting met God\" decoding=\"async\" srcset=\"https:\/\/kingdommilitarytraining.com\/wp-content\/uploads\/2021\/03\/ontmoeting-met-God.jpg 501w, https:\/\/kingdommilitarytraining.com\/wp-content\/uploads\/2021\/03\/ontmoeting-met-God-221x300.jpg 221w, https:\/\/kingdommilitarytraining.com\/wp-content\/uploads\/2021\/03\/ontmoeting-met-God-478x650.jpg 478w, https:\/\/kingdommilitarytraining.com\/wp-content\/uploads\/2021\/03\/ontmoeting-met-God-300x408.jpg 300w\" sizes=\"(max-width: 501px) 100vw, 501px\" \/><\/a>\t\t\t<\/div>\n\t\n\t<div style=\"clear: both\"><\/div>\n<div class=\"wpneo-single-short-description\">\n\t<h2>Short Story<\/h2>\n\t<div itemprop=\"description\">\n\t\t<p>Niederl\u00e4ndisch<\/p>\n<p>104 Seiten<\/p>\n\t<\/div>\n<\/div>\n<\/div>\t\t\t\t\t\t<div class=\"wpneo-campaign-summary\">\n\t\t\t\t\t\t\t<div class=\"wpneo-campaign-summary-inner\" itemscope itemtype=\"http:\/\/schema.org\/DonateAction\">\n\t\t\t\t\t\t\t\t<h2 class=\"wpneo-campaign-title\">Erziehung: Eine Begegnung mit Gott (Buch)<\/h2><p class=\"wpneo-author-info\">\n\tby\t<a href=\"javascript:;\" data-author=\"2\" class=\"wpneo-fund-modal-btn\">Robert Bron<\/a>\n<\/p><div class=\"woocommerce\"><\/div><div class=\"campaign-funding-info\">\n\t<ul>\n\t\t<li>\n\t\t\t<p class=\"funding-amount\">\n\t\t\t\tNot Set\t\t\t<\/p>\n\t\t\t<span class=\"info-text\">Funding Goal<\/span>\n\t\t<\/li>\n\t\t<li>\n\t\t\t<p class=\"funding-amount\"><span class=\"woocommerce-Price-amount amount\"><bdi><span class=\"woocommerce-Price-currencySymbol\">&euro;<\/span>14.85<\/bdi><\/span><\/p>\n\t\t\t<span class=\"info-text\">Funds Raised<\/span>\n\t\t<\/li>\n\t\t\t\t\t<li>\n\t\t\t\t\t\t\t\t\t<p class=\"funding-amount\">0<\/p>\n\t\t\t\t\t<span class=\"info-text\">Days to go<\/span>\n\t\t\t\t\t\t\t<\/li>\n\t\t\n\t\t<li>\n\t\t\t<p class=\"funding-amount\">\n\t\t\t\tCampaign Never Ends\t\t\t<\/p>\n\t\t\t<span class=\"info-text\">Campaign End Method<\/span>\n\t\t<\/li>\n\t<\/ul>\n<\/div><div class=\"wpneo-raised-percent\">\n\t<div class=\"wpneo-meta-name\">Raised Percent :<\/div>\n\t<div class=\"wpneo-meta-desc\" >0%<\/div>\n<\/div>\n<div class=\"wpneo-raised-bar\">\n\t<div id=\"neo-progressbar\">\n\t\t\t\t<div style=\"width: 0%\"><\/div>\n\t<\/div>\n<\/div><div class=\"wpneo-single-sidebar ASA\">\n\t<\/div>\n<div class=\"wpneo-campaign-creator-info-wrapper\">\n\t<div class=\"wpneo-campaign-creator-avatar\">\n\t\t\t\t\t\t\t\t\t<img alt='' src='https:\/\/secure.gravatar.com\/avatar\/d958f75b7aa393422a59f42d817741e684ae325d26ee1bbef68db336f5314bc8?s=80&#038;d=mm&#038;r=g' srcset='https:\/\/secure.gravatar.com\/avatar\/d958f75b7aa393422a59f42d817741e684ae325d26ee1bbef68db336f5314bc8?s=160&#038;d=mm&#038;r=g 2x' class='avatar avatar-80 photo' height='80' width='80' decoding='async'\/>\t\t\t\t\t\t<\/div>\n\t<div class=\"wpneo-campaign-creator-details\">\n\t\t<p><a href=\"javascript:;\" data-author=\"2\" class=\"wpneo-fund-modal-btn\" >Robert Bron<\/a> <\/p>\n\t\t<p>0 Campaigns | 0 Loved campaigns <\/p>\n\t\t\t\t<p><a href=\"javascript:;\" data-author=\"2\" class=\"wpneo-fund-modal-btn wpneo-link-style1\"><strong>See full bio<\/strong><\/a><\/p>\n\t<\/div>\n<\/div>\t\t\t\t\t\t\t<\/div><!-- .wpneo-campaign-summary-inner -->\n\t\t\t\t\t\t<\/div><!-- .wpneo-campaign-summary -->\n\t\t\t\t\t\t\n\t<div class=\"wpneo-tabs\">\n\t\t<ul class=\"wpneo-tabs-menu\">\n\t\t\t\t\t\t\t<li class=\"wpneo-current description_tab\">\n\t\t\t\t\t<a href=\"#wpneo-tab-description\">Campaign Story<\/a>\n\t\t\t\t<\/li>\n\t\t\t\t\t<\/ul>\n\t\t<div class=\"wpneo-tab\">\n\t\t\t\t\t\t\t<div id=\"wpneo-tab-description\" class=\"wpneo-tab-content\">\n\t\t\t\t\t\n\t<div class=\"tab-description tab_col_9 tab-campaign-story-left\">\n\t\t<h2>Campaign Story<\/h2>\n\t\t<div class=\"page\" title=\"Seite 1\">\n<div class=\"section\">\n<div class=\"layoutArea\">\n<div class=\"column\">\n<p>K\u00f6nnen f\u00fcnf Minuten pro Tag f\u00fcr 30 Tage dein Leben komplett ver\u00e4ndern? Sei davon \u00fcberzeugt! Dieses Buch fordert dich heraus, den lebendigen Gott zu suchen! Noch besser: Gott hat<br \/>\nschon lange nach dir gesucht und heute ist deine Chance, ihn pers\u00f6nlich zu treffen.   <\/p>\n<p>Was mache ich hier auf der Erde? Was ist der Sinn des Lebens? Was passiert nach dem Tod? Gibt es einen Gott? Das sind Fragen, die Robert in seinem Leben hatte. Anhand von pers\u00f6nlichen Ereignissen aus seinem Leben erz\u00e4hlt er offen und ehrlich, wie er Antworten auf seine Lebensfragen gefunden hat.     <\/p>\n<p>Hast du jemals dar\u00fcber nachgedacht? Dann ist dies das richtige Buch f\u00fcr dich. Robert glaubt, dass es nur eine Sache im Leben gibt, die dich wirklich gl\u00fccklich machen kann.<br \/>\nWirst du dich ihm auf seiner Suche nach Gott anschlie\u00dfen?  <\/p>\n<p>Traust du dich?<\/p>\n<\/div>\n<\/div>\n<\/div>\n<\/div>\n<p><!--themify_builder_static--><!--\/themify_builder_static--><\/p>\n\t<\/div>\n\n<div class=\"tab-rewards tab_col_3 tab-campaign-story-right\">\n\t<div style=\"clear: both\"><\/div>\n\t<div style=\"clear: both\"><\/div>\n<\/div>\t\t\t\t<\/div>\n\t\t\t\t\t<\/div>\n\t\t<div class=\"clear-float\"><\/div>\n\t<\/div>\n\n\t\t\t\t\t\t<meta itemprop=\"url\" content=\"https:\/\/kingdommilitarytraining.com\/de\/produkt\/eine-begegnung-mit-gott-buch\/\" \/>\n\t\t\t\t\t<\/div><!-- #campaign-4574 -->\n\t\t\t\t\t\t\t\t\t\t\n\t\t\t\t<\/div>\n\t\t\t<\/div><!-- #content -->\n\t\t<\/div><!-- #primary -->\n\t<\/div>\n\n<\/div>\n","wpcf_popular_campaign":[],"wpcf_project_listing":[],"_links":{"self":[{"href":"https:\/\/kingdommilitarytraining.com\/de\/wp-json\/wp\/v2\/product\/4574","targetHints":{"allow":["GET"]}}],"collection":[{"href":"https:\/\/kingdommilitarytraining.com\/de\/wp-json\/wp\/v2\/product"}],"about":[{"href":"https:\/\/kingdommilitarytraining.com\/de\/wp-json\/wp\/v2\/types\/product"}],"replies":[{"embeddable":true,"href":"https:\/\/kingdommilitarytraining.com\/de\/wp-json\/wp\/v2\/comments?post=4574"}],"wp:featuredmedia":[{"embeddable":true,"href":"https:\/\/kingdommilitarytraining.com\/de\/wp-json\/wp\/v2\/media\/4474"}],"wp:attachment":[{"href":"https:\/\/kingdommilitarytraining.com\/de\/wp-json\/wp\/v2\/media?parent=4574"}],"wp:term":[{"taxonomy":"product_brand","embeddable":true,"href":"https:\/\/kingdommilitarytraining.com\/de\/wp-json\/wp\/v2\/product_brand?post=4574"},{"taxonomy":"product_cat","embeddable":true,"href":"https:\/\/kingdommilitarytraining.com\/de\/wp-json\/wp\/v2\/product_cat?post=4574"},{"taxonomy":"product_tag","embeddable":true,"href":"https:\/\/kingdommilitarytraining.com\/de\/wp-json\/wp\/v2\/product_tag?post=4574"}],"curies":[{"name":"wp","href":"https:\/\/api.w.org\/{rel}","templated":true}]}}