{"id":4565,"date":"2025-02-01T09:47:16","date_gmt":"2025-02-01T07:47:16","guid":{"rendered":"https:\/\/kingdommilitarytraining.com\/product\/geschenkkarte-fuer-2-personen\/"},"modified":"2025-03-21T22:18:42","modified_gmt":"2025-03-21T20:18:42","slug":"geschenkkarte-fuer-2-personen","status":"publish","type":"product","link":"https:\/\/kingdommilitarytraining.com\/de\/produkt\/geschenkkarte-fuer-2-personen\/","title":{"rendered":"KMT Geschenkkarte P\u00e4rchenerlebnis"},"content":{"rendered":"","protected":false},"excerpt":{"rendered":"excerpt","protected":false},"featured_media":4494,"comment_status":"closed","ping_status":"closed","template":"","meta":{"episode_type":"","audio_file":"","podmotor_file_id":"","podmotor_episode_id":"","cover_image":"","cover_image_id":"","duration":"","filesize":"","filesize_raw":"","date_recorded":"","explicit":"","block":""},"product_brand":[],"product_cat":[93],"product_tag":[],"class_list":{"0":"post-4565","1":"product","2":"type-product","3":"status-publish","4":"has-post-thumbnail","6":"product_cat-tickets-de","7":false,"10":"first","11":"instock","12":"sale","13":"shipping-taxable","14":"purchasable","15":"product-type-simple"},"column":true,"wpcf_product":{"display_name":"Robert Bron","location":"","funding_goal":"","total_raised":0,"raised_percent":"0%","desc":"","days_remaining":0,"product_thumb":"<img width=\"300\" height=\"213\" src=\"https:\/\/kingdommilitarytraining.com\/wp-content\/uploads\/2025\/02\/Kingdom-Military-training.zip-2-1-300x213.png\" class=\"attachment-woocommerce_thumbnail size-woocommerce_thumbnail\" alt=\"KMT Geschenkkarte P\u00e4rchenerlebnis\" decoding=\"async\" srcset=\"https:\/\/kingdommilitarytraining.com\/wp-content\/uploads\/2025\/02\/Kingdom-Military-training.zip-2-1-300x213.png 300w, https:\/\/kingdommilitarytraining.com\/wp-content\/uploads\/2025\/02\/Kingdom-Military-training.zip-2-1-1024x726.png 1024w, https:\/\/kingdommilitarytraining.com\/wp-content\/uploads\/2025\/02\/Kingdom-Military-training.zip-2-1-768x545.png 768w, https:\/\/kingdommilitarytraining.com\/wp-content\/uploads\/2025\/02\/Kingdom-Military-training.zip-2-1-1536x1090.png 1536w, https:\/\/kingdommilitarytraining.com\/wp-content\/uploads\/2025\/02\/Kingdom-Military-training.zip-2-1-650x461.png 650w, https:\/\/kingdommilitarytraining.com\/wp-content\/uploads\/2025\/02\/Kingdom-Military-training.zip-2-1-600x426.png 600w, https:\/\/kingdommilitarytraining.com\/wp-content\/uploads\/2025\/02\/Kingdom-Military-training.zip-2-1.png 1748w\" sizes=\"(max-width: 300px) 100vw, 300px\" \/>"},"wpcf_dashboard":"<div class=\"woocommerce\"><div class=\"woocommerce-info\">Please log in first? <a class=\"wpneoShowLogin\" href=\"#\">Click here to login<\/a><\/div><div class=\"wpneo_login_form_div\" style=\"display: none;\"><form name=\"loginform\" id=\"loginform\" action=\"https:\/\/kingdommilitarytraining.com\/de\/wp-login.php\" method=\"post\"><p class=\"login-username\">\n\t\t\t\t<label for=\"user_login\">Benutzername oder E-Mail-Adresse<\/label>\n\t\t\t\t<input type=\"text\" name=\"log\" id=\"user_login\" autocomplete=\"username\" class=\"input\" value=\"\" size=\"20\" \/>\n\t\t\t<\/p><p class=\"login-password\">\n\t\t\t\t<label for=\"user_pass\">Passwort<\/label>\n\t\t\t\t<input type=\"password\" name=\"pwd\" id=\"user_pass\" autocomplete=\"current-password\" spellcheck=\"false\" class=\"input\" value=\"\" size=\"20\" \/>\n\t\t\t<\/p><p class=\"login-remember\"><label><input name=\"rememberme\" type=\"checkbox\" id=\"rememberme\" value=\"forever\" \/> Angemeldet bleiben<\/label><\/p><p class=\"login-submit\">\n\t\t\t\t<input type=\"submit\" name=\"wp-submit\" id=\"wp-submit\" class=\"button button-primary\" value=\"Anmelden\" \/>\n\t\t\t\t<input type=\"hidden\" name=\"redirect_to\" value=\"https:\/\/kingdommilitarytraining.com\/de\/wp-json\/wp\/v2\/product\/4565\" \/>\n\t\t\t<\/p><\/form><\/div><\/div>","wpcf_single_campaign":"\n<div class=\"wpneo-wrapper\">\n\t<div class=\"wpneocf-container\">\n\t\t<div id=\"primary\" class=\"content-area\">\n\t\t\t<div id=\"content\" class=\"site-content\" role=\"main\">\n\t\t\t\t<div class=\"wpneo-list-details\">\n\n\t\t\t\t\t\t\t\t\t\t<div itemscope itemtype=\"http:\/\/schema.org\/ItemList\" id=\"campaign-4565\" class=\"post-4565 product type-product status-publish has-post-thumbnail product_cat-tickets-de  instock sale shipping-taxable purchasable product-type-simple\">\n\t\t\t\t\t\t<div class=\"wpneo-campaign-single-left-info\">\n\t<div class=\"wpneo-post-img\">   \n\t\t<a href=\"https:\/\/kingdommilitarytraining.com\/wp-content\/uploads\/2025\/02\/Kingdom-Military-training.zip-2-1.png\" itemprop=\"image\" class=\"wpneo-single-main-image zoom\" title=\"\" data-rel=\"prettyPhoto[product-gallery]\"><img width=\"1748\" height=\"1240\" src=\"https:\/\/kingdommilitarytraining.com\/wp-content\/uploads\/2025\/02\/Kingdom-Military-training.zip-2-1.png\" class=\"attachment-shop_single size-shop_single wp-post-image\" alt=\"\" title=\"Kingdom Military training.zip &#8211; 2\" decoding=\"async\" srcset=\"https:\/\/kingdommilitarytraining.com\/wp-content\/uploads\/2025\/02\/Kingdom-Military-training.zip-2-1.png 1748w, https:\/\/kingdommilitarytraining.com\/wp-content\/uploads\/2025\/02\/Kingdom-Military-training.zip-2-1-300x213.png 300w, https:\/\/kingdommilitarytraining.com\/wp-content\/uploads\/2025\/02\/Kingdom-Military-training.zip-2-1-1024x726.png 1024w, https:\/\/kingdommilitarytraining.com\/wp-content\/uploads\/2025\/02\/Kingdom-Military-training.zip-2-1-768x545.png 768w, https:\/\/kingdommilitarytraining.com\/wp-content\/uploads\/2025\/02\/Kingdom-Military-training.zip-2-1-1536x1090.png 1536w, https:\/\/kingdommilitarytraining.com\/wp-content\/uploads\/2025\/02\/Kingdom-Military-training.zip-2-1-650x461.png 650w, https:\/\/kingdommilitarytraining.com\/wp-content\/uploads\/2025\/02\/Kingdom-Military-training.zip-2-1-600x426.png 600w\" sizes=\"(max-width: 1748px) 100vw, 1748px\" \/><\/a>\t\t\t<\/div>\n\t\n\t<div style=\"clear: both\"><\/div>\n<div class=\"wpneo-single-short-description\">\n\t<h2>Short Story<\/h2>\n\t<div itemprop=\"description\">\n\t\t<p>KMT-Geschenkkarte f\u00fcr zwei Personen. Einzul\u00f6sen f\u00fcr ein KMT-Erlebnis.* <\/p>\n<p>&nbsp;<\/p>\n<p>*Bei Abwesenheit ist es auch m\u00f6glich, bei einer anderen KMT-Aktivit\u00e4t abzugeben. (Keine Erstattung m\u00f6glich). <\/p>\n\t<\/div>\n<\/div>\n<\/div>\t\t\t\t\t\t<div class=\"wpneo-campaign-summary\">\n\t\t\t\t\t\t\t<div class=\"wpneo-campaign-summary-inner\" itemscope itemtype=\"http:\/\/schema.org\/DonateAction\">\n\t\t\t\t\t\t\t\t<h2 class=\"wpneo-campaign-title\">KMT Geschenkkarte P\u00e4rchenerlebnis<\/h2><p class=\"wpneo-author-info\">\n\tby\t<a href=\"javascript:;\" data-author=\"2\" class=\"wpneo-fund-modal-btn\">Robert Bron<\/a>\n<\/p><div class=\"woocommerce\"><\/div><div class=\"campaign-funding-info\">\n\t<ul>\n\t\t<li>\n\t\t\t<p class=\"funding-amount\">\n\t\t\t\tNot Set\t\t\t<\/p>\n\t\t\t<span class=\"info-text\">Funding Goal<\/span>\n\t\t<\/li>\n\t\t<li>\n\t\t\t<p class=\"funding-amount\"><span class=\"woocommerce-Price-amount amount\"><bdi><span class=\"woocommerce-Price-currencySymbol\">&euro;<\/span>0.00<\/bdi><\/span><\/p>\n\t\t\t<span class=\"info-text\">Funds Raised<\/span>\n\t\t<\/li>\n\t\t\t\t\t<li>\n\t\t\t\t\t\t\t\t\t<p class=\"funding-amount\">0<\/p>\n\t\t\t\t\t<span class=\"info-text\">Days to go<\/span>\n\t\t\t\t\t\t\t<\/li>\n\t\t\n\t\t<li>\n\t\t\t<p class=\"funding-amount\">\n\t\t\t\tCampaign Never Ends\t\t\t<\/p>\n\t\t\t<span class=\"info-text\">Campaign End Method<\/span>\n\t\t<\/li>\n\t<\/ul>\n<\/div><div class=\"wpneo-raised-percent\">\n\t<div class=\"wpneo-meta-name\">Raised Percent :<\/div>\n\t<div class=\"wpneo-meta-desc\" >0%<\/div>\n<\/div>\n<div class=\"wpneo-raised-bar\">\n\t<div id=\"neo-progressbar\">\n\t\t\t\t<div style=\"width: 0%\"><\/div>\n\t<\/div>\n<\/div><div class=\"wpneo-single-sidebar ASA\">\n\t<\/div>\n<div class=\"wpneo-campaign-creator-info-wrapper\">\n\t<div class=\"wpneo-campaign-creator-avatar\">\n\t\t\t\t\t\t\t\t\t<img alt='' src='https:\/\/secure.gravatar.com\/avatar\/d958f75b7aa393422a59f42d817741e684ae325d26ee1bbef68db336f5314bc8?s=80&#038;d=mm&#038;r=g' srcset='https:\/\/secure.gravatar.com\/avatar\/d958f75b7aa393422a59f42d817741e684ae325d26ee1bbef68db336f5314bc8?s=160&#038;d=mm&#038;r=g 2x' class='avatar avatar-80 photo' height='80' width='80' decoding='async'\/>\t\t\t\t\t\t<\/div>\n\t<div class=\"wpneo-campaign-creator-details\">\n\t\t<p><a href=\"javascript:;\" data-author=\"2\" class=\"wpneo-fund-modal-btn\" >Robert Bron<\/a> <\/p>\n\t\t<p>0 Campaigns | 0 Loved campaigns <\/p>\n\t\t\t\t<p><a href=\"javascript:;\" data-author=\"2\" class=\"wpneo-fund-modal-btn wpneo-link-style1\"><strong>See full bio<\/strong><\/a><\/p>\n\t<\/div>\n<\/div>\t\t\t\t\t\t\t<\/div><!-- .wpneo-campaign-summary-inner -->\n\t\t\t\t\t\t<\/div><!-- .wpneo-campaign-summary -->\n\t\t\t\t\t\t\n\t<div class=\"wpneo-tabs\">\n\t\t<ul class=\"wpneo-tabs-menu\">\n\t\t\t\t\t\t\t<li class=\"wpneo-current description_tab\">\n\t\t\t\t\t<a href=\"#wpneo-tab-description\">Campaign Story<\/a>\n\t\t\t\t<\/li>\n\t\t\t\t\t<\/ul>\n\t\t<div class=\"wpneo-tab\">\n\t\t\t\t\t\t\t<div id=\"wpneo-tab-description\" class=\"wpneo-tab-content\">\n\t\t\t\t\t\n\n<div class=\"tab-rewards tab_col_3 tab-campaign-story-right\">\n\t<div style=\"clear: both\"><\/div>\n\t<div style=\"clear: both\"><\/div>\n<\/div>\t\t\t\t<\/div>\n\t\t\t\t\t<\/div>\n\t\t<div class=\"clear-float\"><\/div>\n\t<\/div>\n\n\t\t\t\t\t\t<meta itemprop=\"url\" content=\"https:\/\/kingdommilitarytraining.com\/de\/produkt\/geschenkkarte-fuer-2-personen\/\" \/>\n\t\t\t\t\t<\/div><!-- #campaign-4565 -->\n\t\t\t\t\t\t\t\t\t\t\n\t\t\t\t<\/div>\n\t\t\t<\/div><!-- #content -->\n\t\t<\/div><!-- #primary -->\n\t<\/div>\n\n<\/div>\n","wpcf_popular_campaign":[],"wpcf_project_listing":[],"_links":{"self":[{"href":"https:\/\/kingdommilitarytraining.com\/de\/wp-json\/wp\/v2\/product\/4565","targetHints":{"allow":["GET"]}}],"collection":[{"href":"https:\/\/kingdommilitarytraining.com\/de\/wp-json\/wp\/v2\/product"}],"about":[{"href":"https:\/\/kingdommilitarytraining.com\/de\/wp-json\/wp\/v2\/types\/product"}],"replies":[{"embeddable":true,"href":"https:\/\/kingdommilitarytraining.com\/de\/wp-json\/wp\/v2\/comments?post=4565"}],"wp:featuredmedia":[{"embeddable":true,"href":"https:\/\/kingdommilitarytraining.com\/de\/wp-json\/wp\/v2\/media\/4494"}],"wp:attachment":[{"href":"https:\/\/kingdommilitarytraining.com\/de\/wp-json\/wp\/v2\/media?parent=4565"}],"wp:term":[{"taxonomy":"product_brand","embeddable":true,"href":"https:\/\/kingdommilitarytraining.com\/de\/wp-json\/wp\/v2\/product_brand?post=4565"},{"taxonomy":"product_cat","embeddable":true,"href":"https:\/\/kingdommilitarytraining.com\/de\/wp-json\/wp\/v2\/product_cat?post=4565"},{"taxonomy":"product_tag","embeddable":true,"href":"https:\/\/kingdommilitarytraining.com\/de\/wp-json\/wp\/v2\/product_tag?post=4565"}],"curies":[{"name":"wp","href":"https:\/\/api.w.org\/{rel}","templated":true}]}}