{"id":4933,"date":"2019-07-10T21:14:25","date_gmt":"2019-07-10T19:14:25","guid":{"rendered":"https:\/\/kingdommilitarytraining.com\/datenschutzrichtlinie\/"},"modified":"2025-03-31T09:32:00","modified_gmt":"2025-03-31T07:32:00","slug":"datenschutzrichtlinie","status":"publish","type":"page","link":"https:\/\/kingdommilitarytraining.com\/de\/datenschutzrichtlinie\/","title":{"rendered":"Datenschutzrichtlinie"},"content":{"rendered":"\n<h2 class=\"wp-block-heading\">Wer wir sind<\/h2>\n\n<p>Unsere Website-Adresse lautet: https:\/\/www.kingdommilitarytraining.com<\/p>\n\n<h2 class=\"wp-block-heading\">Welche pers\u00f6nlichen Daten wir sammeln und warum wir sie sammeln<\/h2>\n\n<h3 class=\"wp-block-heading\">Kommentare<\/h3>\n\n<p>Wenn Besucher\/innen Kommentare auf der Website hinterlassen, erfassen wir die im Kommentarformular angezeigten Daten, die IP-Adresse des\/der Besuchers\/in und den Browser User Agent, um Spam zu erkennen.<\/p>\n\n<p>Eine anonymisierte Zeichenfolge, die aus deiner E-Mail-Adresse erstellt wird (dies wird auch als Hash bezeichnet), kann an den Gravatar-Dienst gesendet werden, wenn du ihn nutzt. Die Seite mit den Datenschutzbestimmungen findest du hier: https:\/\/automattic.com\/privacy\/. Nachdem dein Kommentar genehmigt wurde, ist dein Profilbild im Zusammenhang mit deinem Kommentar \u00f6ffentlich sichtbar. <\/p>\n\n<h3 class=\"wp-block-heading\">Medien<\/h3>\n\n<p>Wenn du ein registrierter Nutzer bist und Bilder auf die Website hochl\u00e4dst, solltest du es vermeiden, Bilder mit EXIF-GPS-Standortdaten hochzuladen. Besucher der Website k\u00f6nnen die Bilder von der Website herunterladen und die Standortdaten einsehen. <\/p>\n\n<h3 class=\"wp-block-heading\">Kontaktformulare<\/h3>\n\n<h3 class=\"wp-block-heading\">Cookies<\/h3>\n\n<p>Wenn du einen Kommentar auf unserer Seite hinterl\u00e4sst, kannst du angeben, ob dein Name, deine E-Mail-Adresse und deine Website in einem Cookie gespeichert werden d\u00fcrfen. Das machen wir aus Gr\u00fcnden der Bequemlichkeit, damit du diese Daten bei einem neuen Kommentar nicht erneut eingeben musst. Diese Cookies sind ein Jahr lang g\u00fcltig.    <\/p>\n\n<p>Wenn du unsere Anmeldeseite besuchst, speichern wir ein tempor\u00e4res Cookie, um zu pr\u00fcfen, ob dein Browser Cookies akzeptiert. Dieses Cookie enth\u00e4lt keine pers\u00f6nlichen Daten und wird gel\u00f6scht, sobald du deinen Browser schlie\u00dft. <\/p>\n\n<p>Wenn du dich einloggst, speichern wir einige Cookies, die mit deinen Anmeldeinformationen und Bildschirmoptionen zusammenh\u00e4ngen. Login-Cookies sind 2 Tage lang g\u00fcltig und Cookies f\u00fcr Bildschirmoptionen sind 1 Jahr lang g\u00fcltig. Wenn du &#8222;Angemeldet bleiben&#8220; w\u00e4hlst, wird dein Login f\u00fcr 2 Wochen gespeichert. Sobald du dich von deinem Konto abmeldest, werden die Login-Cookies gel\u00f6scht.   <\/p>\n\n<p>Wenn du einen Beitrag bearbeitest oder ver\u00f6ffentlichst, wird ein zus\u00e4tzliches Cookie von deinem Browser gespeichert. Dieses Cookie enth\u00e4lt keine pers\u00f6nlichen Daten und speichert nur die Post-ID des von dir bearbeiteten Artikels. Dieses Cookie l\u00e4uft nach einem Tag ab.  <\/p>\n\n<h3 class=\"wp-block-heading\">Eingebettete Inhalte von anderen Websites<\/h3>\n\n<p>Beitr\u00e4ge auf dieser Website k\u00f6nnen eingebettete Inhalte enthalten (z. B. Videos, Bilder, Nachrichten usw.). Eingebettete Inhalte von anderen Websites verhalten sich genauso, als ob der Besucher diese andere Website besucht h\u00e4tte. <\/p>\n\n<p>Diese Websites k\u00f6nnen Daten \u00fcber dich sammeln, Cookies verwenden, Tracking von Dritten einbetten und deine Interaktion mit diesen eingebetteten Inhalten \u00fcberwachen, einschlie\u00dflich der Interaktion mit eingebetteten Inhalten, wenn du ein Konto hast und auf dieser Website angemeldet bist.<\/p>\n\n<h3 class=\"wp-block-heading\">Analytik<\/h3>\n\n<h2 class=\"wp-block-heading\">Mit wem wir deine Daten teilen<\/h2>\n\n<h2 class=\"wp-block-heading\">Wie lange wir deine Daten aufbewahren<\/h2>\n\n<p>Wenn du einen Kommentar hinterl\u00e4sst, werden dieser Kommentar und seine Metadaten f\u00fcr immer gespeichert. Auf diese Weise k\u00f6nnen wir Folgekommentare automatisch erkennen und genehmigen, anstatt sie moderieren zu m\u00fcssen. <\/p>\n\n<p>F\u00fcr Nutzer\/innen, die auf unserer Website registriert sind (falls zutreffend), speichern wir au\u00dferdem pers\u00f6nliche Informationen in ihrem Nutzerprofil. Alle Nutzer\/innen k\u00f6nnen ihre pers\u00f6nlichen Daten jederzeit einsehen, \u00e4ndern oder l\u00f6schen (der Nutzername kann nicht ge\u00e4ndert werden). Auch Website-Administratoren k\u00f6nnen diese Informationen einsehen und \u00e4ndern.  <\/p>\n\n<h2 class=\"wp-block-heading\">Welche Rechte du \u00fcber deine Daten hast<\/h2>\n\n<p>Wenn du ein Konto auf dieser Seite hast oder Kommentare hinterlassen hast, kannst du eine Exportdatei deiner personenbezogenen Daten anfordern, die wir \u00fcber dich gespeichert haben, einschlie\u00dflich aller Daten, die du uns gegeben hast. Du kannst auch verlangen, dass wir alle personenbezogenen Daten, die wir \u00fcber dich gespeichert haben, l\u00f6schen. Davon ausgenommen sind Daten, die wir aus verwaltungstechnischen, rechtlichen oder sicherheitsrelevanten Gr\u00fcnden aufbewahren m\u00fcssen.  <\/p>\n\n<h2 class=\"wp-block-heading\">Wohin wir deine Daten senden<\/h2>\n\n<p>Kommentare von Besuchern k\u00f6nnen durch einen automatischen Spam-Erkennungsdienst geleitet werden.<\/p>\n\n<h2 class=\"wp-block-heading\">Deine Kontaktinformationen<\/h2>\n\n<h2 class=\"wp-block-heading\">Zus\u00e4tzliche Informationen<\/h2>\n\n<h3 class=\"wp-block-heading\">Wie wir deine Daten sch\u00fctzen<\/h3>\n\n<h3 class=\"wp-block-heading\">Welche Verfahren bei Datenschutzverletzungen wir eingef\u00fchrt haben<\/h3>\n\n<h3 class=\"wp-block-heading\">Von welchen Drittparteien wir Daten erhalten<\/h3>\n\n<h3 class=\"wp-block-heading\">Welche automatisierten Entscheidungen wir treffen und welches Profiling wir mit Nutzerdaten durchf\u00fchren<\/h3>\n\n<h3 class=\"wp-block-heading\">Offenlegungspflichten der Industrie<\/h3>\n<!--themify_builder_static--><!--\/themify_builder_static-->","protected":false},"excerpt":{"rendered":"excerpt","protected":false},"author":5,"featured_media":0,"parent":0,"menu_order":0,"comment_status":"closed","ping_status":"open","template":"","meta":{"episode_type":"","audio_file":"","podmotor_file_id":"","podmotor_episode_id":"","cover_image":"","cover_image_id":"","duration":"","filesize":"","filesize_raw":"","date_recorded":"","explicit":"","block":"","footnotes":""},"class_list":["post-4933","page","type-page","status-publish","hentry"],"wpcf_dashboard":"<div class=\"woocommerce\"><div class=\"woocommerce-info\">Please log in first? <a class=\"wpneoShowLogin\" href=\"#\">Click here to login<\/a><\/div><div class=\"wpneo_login_form_div\" style=\"display: none;\"><form name=\"loginform\" id=\"loginform\" action=\"https:\/\/kingdommilitarytraining.com\/de\/wp-login.php\" method=\"post\"><p class=\"login-username\">\n\t\t\t\t<label for=\"user_login\">Benutzername oder E-Mail-Adresse<\/label>\n\t\t\t\t<input type=\"text\" name=\"log\" id=\"user_login\" autocomplete=\"username\" class=\"input\" value=\"\" size=\"20\" \/>\n\t\t\t<\/p><p class=\"login-password\">\n\t\t\t\t<label for=\"user_pass\">Passwort<\/label>\n\t\t\t\t<input type=\"password\" name=\"pwd\" id=\"user_pass\" autocomplete=\"current-password\" spellcheck=\"false\" class=\"input\" value=\"\" size=\"20\" \/>\n\t\t\t<\/p><p class=\"login-remember\"><label><input name=\"rememberme\" type=\"checkbox\" id=\"rememberme\" value=\"forever\" \/> Angemeldet bleiben<\/label><\/p><p class=\"login-submit\">\n\t\t\t\t<input type=\"submit\" name=\"wp-submit\" id=\"wp-submit\" class=\"button button-primary\" value=\"Anmelden\" \/>\n\t\t\t\t<input type=\"hidden\" name=\"redirect_to\" value=\"https:\/\/kingdommilitarytraining.com\/de\/wp-json\/wp\/v2\/pages\/4933\" \/>\n\t\t\t<\/p><\/form><\/div><\/div>","_links":{"self":[{"href":"https:\/\/kingdommilitarytraining.com\/de\/wp-json\/wp\/v2\/pages\/4933","targetHints":{"allow":["GET"]}}],"collection":[{"href":"https:\/\/kingdommilitarytraining.com\/de\/wp-json\/wp\/v2\/pages"}],"about":[{"href":"https:\/\/kingdommilitarytraining.com\/de\/wp-json\/wp\/v2\/types\/page"}],"author":[{"embeddable":true,"href":"https:\/\/kingdommilitarytraining.com\/de\/wp-json\/wp\/v2\/users\/5"}],"replies":[{"embeddable":true,"href":"https:\/\/kingdommilitarytraining.com\/de\/wp-json\/wp\/v2\/comments?post=4933"}],"version-history":[{"count":3,"href":"https:\/\/kingdommilitarytraining.com\/de\/wp-json\/wp\/v2\/pages\/4933\/revisions"}],"predecessor-version":[{"id":4939,"href":"https:\/\/kingdommilitarytraining.com\/de\/wp-json\/wp\/v2\/pages\/4933\/revisions\/4939"}],"wp:attachment":[{"href":"https:\/\/kingdommilitarytraining.com\/de\/wp-json\/wp\/v2\/media?parent=4933"}],"curies":[{"name":"wp","href":"https:\/\/api.w.org\/{rel}","templated":true}]}}