{"id":4538,"date":"2024-11-08T16:16:52","date_gmt":"2024-11-08T14:16:52","guid":{"rendered":"https:\/\/kingdommilitarytraining.com\/we-raise-new-leaders\/"},"modified":"2025-07-10T02:30:35","modified_gmt":"2025-07-10T00:30:35","slug":"we-raise-new-leaders","status":"publish","type":"page","link":"https:\/\/kingdommilitarytraining.com\/de\/","title":{"rendered":"We raise new leaders"},"content":{"rendered":"\t\t<div data-elementor-type=\"wp-page\" data-elementor-id=\"4538\" class=\"elementor elementor-4538 elementor-2882\" data-elementor-settings=\"{&quot;element_pack_global_tooltip_width&quot;:{&quot;unit&quot;:&quot;px&quot;,&quot;size&quot;:&quot;&quot;,&quot;sizes&quot;:[]},&quot;element_pack_global_tooltip_width_tablet&quot;:{&quot;unit&quot;:&quot;px&quot;,&quot;size&quot;:&quot;&quot;,&quot;sizes&quot;:[]},&quot;element_pack_global_tooltip_width_mobile&quot;:{&quot;unit&quot;:&quot;px&quot;,&quot;size&quot;:&quot;&quot;,&quot;sizes&quot;:[]},&quot;element_pack_global_tooltip_padding&quot;:{&quot;unit&quot;:&quot;px&quot;,&quot;top&quot;:&quot;&quot;,&quot;right&quot;:&quot;&quot;,&quot;bottom&quot;:&quot;&quot;,&quot;left&quot;:&quot;&quot;,&quot;isLinked&quot;:true},&quot;element_pack_global_tooltip_padding_tablet&quot;:{&quot;unit&quot;:&quot;px&quot;,&quot;top&quot;:&quot;&quot;,&quot;right&quot;:&quot;&quot;,&quot;bottom&quot;:&quot;&quot;,&quot;left&quot;:&quot;&quot;,&quot;isLinked&quot;:true},&quot;element_pack_global_tooltip_padding_mobile&quot;:{&quot;unit&quot;:&quot;px&quot;,&quot;top&quot;:&quot;&quot;,&quot;right&quot;:&quot;&quot;,&quot;bottom&quot;:&quot;&quot;,&quot;left&quot;:&quot;&quot;,&quot;isLinked&quot;:true},&quot;element_pack_global_tooltip_border_radius&quot;:{&quot;unit&quot;:&quot;px&quot;,&quot;top&quot;:&quot;&quot;,&quot;right&quot;:&quot;&quot;,&quot;bottom&quot;:&quot;&quot;,&quot;left&quot;:&quot;&quot;,&quot;isLinked&quot;:true},&quot;element_pack_global_tooltip_border_radius_tablet&quot;:{&quot;unit&quot;:&quot;px&quot;,&quot;top&quot;:&quot;&quot;,&quot;right&quot;:&quot;&quot;,&quot;bottom&quot;:&quot;&quot;,&quot;left&quot;:&quot;&quot;,&quot;isLinked&quot;:true},&quot;element_pack_global_tooltip_border_radius_mobile&quot;:{&quot;unit&quot;:&quot;px&quot;,&quot;top&quot;:&quot;&quot;,&quot;right&quot;:&quot;&quot;,&quot;bottom&quot;:&quot;&quot;,&quot;left&quot;:&quot;&quot;,&quot;isLinked&quot;:true}}\" data-elementor-post-type=\"page\">\n\t\t\t\t<div class=\"elementor-element elementor-element-496a3fe3 e-flex e-con-boxed e-con e-parent\" data-id=\"496a3fe3\" data-element_type=\"container\" data-e-type=\"container\" data-settings=\"{&quot;background_background&quot;:&quot;classic&quot;}\">\n\t\t\t\t\t<div class=\"e-con-inner\">\n\t\t\t\t<div class=\"elementor-element elementor-element-61a93e5  ui-split-animate ui-splitby-chars elementor-widget elementor-widget-heading\" data-id=\"61a93e5\" data-element_type=\"widget\" data-e-type=\"widget\" data-settings=\"{&quot;ui_animate_split&quot;:&quot;ui-split-animate&quot;,&quot;ui_animate_split_style&quot;:&quot;fadeInUp blur&quot;,&quot;ui_animate_split_by&quot;:&quot;chars&quot;}\" data-widget_type=\"heading.default\">\n\t\t\t\t<div class=\"elementor-widget-container\">\n\t\t\t\t\t<h2 class=\"elementor-heading-title elementor-size-default\">We raise new leaders<\/h2>\t\t\t\t<\/div>\n\t\t\t\t<\/div>\n\t\t\t\t\t<\/div>\n\t\t\t\t<\/div>\n\t\t<div class=\"elementor-element elementor-element-6338f1ea e-flex e-con-boxed e-con e-parent\" data-id=\"6338f1ea\" data-element_type=\"container\" data-e-type=\"container\" data-settings=\"{&quot;background_background&quot;:&quot;classic&quot;}\">\n\t\t\t\t\t<div class=\"e-con-inner\">\n\t\t<div class=\"elementor-element elementor-element-5532d55a e-con-full e-grid e-con e-child\" data-id=\"5532d55a\" data-element_type=\"container\" data-e-type=\"container\" data-settings=\"{&quot;background_background&quot;:&quot;classic&quot;}\">\n\t\t\t\t<div class=\"elementor-element elementor-element-4403965 elementor-widget elementor-widget-video\" data-id=\"4403965\" data-element_type=\"widget\" data-e-type=\"widget\" data-settings=\"{&quot;video_type&quot;:&quot;hosted&quot;,&quot;controls&quot;:&quot;yes&quot;}\" data-widget_type=\"video.default\">\n\t\t\t\t<div class=\"elementor-widget-container\">\n\t\t\t\t\t\t\t<div class=\"e-hosted-video elementor-wrapper elementor-open-inline\">\n\t\t\t\t\t<video class=\"elementor-video\" src=\"https:\/\/www.kingdommilitarytraining.com\/wp-content\/uploads\/2025\/03\/kmt-promo-english-subtitles.mp4\" controls=\"\" preload=\"metadata\" controlsList=\"nodownload\" poster=\"https:\/\/kingdommilitarytraining.com\/wp-content\/uploads\/2025\/01\/KMT-flowmotive_18-01-25-48-scaled.jpg\"><\/video>\n\t\t\t\t<\/div>\n\t\t\t\t\t\t<\/div>\n\t\t\t\t<\/div>\n\t\t\t\t<div class=\"elementor-element elementor-element-897376c elementor-widget elementor-widget-text-editor\" data-id=\"897376c\" data-element_type=\"widget\" data-e-type=\"widget\" data-widget_type=\"text-editor.default\">\n\t\t\t\t<div class=\"elementor-widget-container\">\n\t\t\t\t\t\t\t\t\t<p class=\"p1\"><span class=\"s1\" style=\"color: #ffffff;\">Kingdom Military Training bietet ein einzigartiges Leiterschaftstraining f\u00fcr Einzelpersonen, Schulen, Kirchen und Organisationen an, das milit\u00e4rische Disziplin mit geistlichem Wachstum und pers\u00f6nlicher Entwicklung verbindet. Unser Ziel ist es, neue F\u00fchrungskr\u00e4fte auszubilden, indem wir ihren Charakter st\u00e4rken, ihre mentale Widerstandsf\u00e4higkeit erh\u00f6hen und ihren Glauben vertiefen.<\/span><\/p><p style=\"color: #fdf5f0; font-size: 16px; font-weight: normal;\">Unsere Workouts fordern dich k\u00f6rperlich und geistig heraus, deine Grenzen zu erweitern, \u00c4ngste zu \u00fcberwinden und durchzuhalten. Egal, ob du eine kurze, intensive Erfahrung oder einen vertiefenden Kurs suchst, wir haben eine breite Palette an Angeboten, die perfekt zu deinen Bed\u00fcrfnissen passen.<\/p>\t\t\t\t\t\t\t\t<\/div>\n\t\t\t\t<\/div>\n\t\t\t\t<\/div>\n\t\t\t\t\t<\/div>\n\t\t\t\t<\/div>\n\t\t<div class=\"elementor-element elementor-element-16499e9f e-con-full e-flex e-con e-parent\" data-id=\"16499e9f\" data-element_type=\"container\" data-e-type=\"container\" data-settings=\"{&quot;background_background&quot;:&quot;classic&quot;}\">\n\t\t\t\t<div class=\"elementor-element elementor-element-3a683e21 elementor-widget elementor-widget-heading\" data-id=\"3a683e21\" data-element_type=\"widget\" data-e-type=\"widget\" data-widget_type=\"heading.default\">\n\t\t\t\t<div class=\"elementor-widget-container\">\n\t\t\t\t\t<h2 class=\"elementor-heading-title elementor-size-default\">Ausbildungsangebot<\/h2>\t\t\t\t<\/div>\n\t\t\t\t<\/div>\n\t\t\t\t<div class=\"elementor-element elementor-element-9ec249 ui-e-match-height-yes ui-e-animation-circular ui-e-apg-classic ui-e-img-anim-zoom elementor-widget elementor-widget-uicore-advanced-post-carousel\" data-id=\"9ec249\" data-element_type=\"widget\" data-e-type=\"widget\" data-settings=\"{&quot;slides_per_view&quot;:&quot;3&quot;,&quot;carousel_gap&quot;:{&quot;unit&quot;:&quot;px&quot;,&quot;size&quot;:25,&quot;sizes&quot;:[]},&quot;show_hidden&quot;:&quot;right&quot;,&quot;navigation&quot;:&quot;arrows&quot;,&quot;carousel_gap_tablet&quot;:{&quot;unit&quot;:&quot;px&quot;,&quot;size&quot;:&quot;&quot;,&quot;sizes&quot;:[]},&quot;carousel_gap_mobile&quot;:{&quot;unit&quot;:&quot;px&quot;,&quot;size&quot;:&quot;&quot;,&quot;sizes&quot;:[]},&quot;animation_style&quot;:&quot;circular&quot;,&quot;slides_per_view_tablet&quot;:2,&quot;slides_per_view_mobile&quot;:1,&quot;grab_cursor&quot;:&quot;yes&quot;,&quot;loop&quot;:&quot;true&quot;,&quot;overflow_container&quot;:&quot;container&quot;}\" data-widget_type=\"uicore-advanced-post-carousel.default\">\n\t\t\t\t<div class=\"elementor-widget-container\">\n\t\t\t\t\t            <div class=\"ui-e-carousel swiper\">\n                <div class='swiper-wrapper'>\n                                <div class=\"ui-e-wrp swiper-slide\">\n                                    <div class=\"ui-e-animations-wrp  ui-e-item-anim-fade\">\n                    \n                \n                <div class=\"ui-e-item\">\n                    <article class=\"post-4553 portfolio type-portfolio status-publish has-post-thumbnail hentry\">\n                        <div class=\"ui-e-post-top\">\n                                    <a class=\"ui-e-post-img-wrapp\"\n            href=\"https:\/\/kingdommilitarytraining.com\/de\/ausbildung\/kmt-experience-charaktertag\/\"\n            title=\"View Post:Kingdom Military Experience &#8211; Charaktertag\">\n\n                            <div class=\"ui-e-post-img\" style=\"background-image:url(https:\/\/kingdommilitarytraining.com\/wp-content\/uploads\/2024\/11\/selective-focus-shot-american-soldier-holding-holy-bible-close-camera-650x432.jpg)\"><\/div>\n                    <\/a>\n                                                        <\/div>\n\n                        \n                        <div class=\"ui-e-post-content\">\n\n                                                                <a href=\"https:\/\/kingdommilitarytraining.com\/de\/ausbildung\/kmt-experience-charaktertag\/\" title=\"View Post:Kingdom Military Experience &#8211; Charaktertag\">\n            <h4 class=\"ui-e-post-title\">\n                <span> Kingdom Military Experience &#8211; Charaktertag <\/span>\n            <\/h4>\n        <\/a>\n                                                            <div class=\"ui-e-post-text\">8, 12 oder 20 Stunden - Ein intensives Erlebnis, das darauf abzielt, einen starken Charakter und mentale Widerstandsf\u00e4higkeit zu entwickeln.&hellip;<\/div>                                                                                            <span class=\"ui-e-match-height\"><\/span>\n                                    <a href=\"https:\/\/kingdommilitarytraining.com\/de\/ausbildung\/kmt-experience-charaktertag\/\" class=\"elementor-button-link elementor-button ui-e-readmore\" role=\"button\">\n            <span class=\"elementor-button-content-wrapper\"><span class=\"elementor-button-text\">Zur Ausbildung<\/span> <\/span>        <\/a>\n                                <\/div>\n                    <\/article>\n                <\/div>\n\n                                    <\/div>\n                                <\/div>\n        \n            <div class=\"ui-e-wrp swiper-slide\">\n                                    <div class=\"ui-e-animations-wrp  ui-e-item-anim-fade\">\n                    \n                \n                <div class=\"ui-e-item\">\n                    <article class=\"post-4547 portfolio type-portfolio status-publish has-post-thumbnail hentry\">\n                        <div class=\"ui-e-post-top\">\n                                    <a class=\"ui-e-post-img-wrapp\"\n            href=\"https:\/\/kingdommilitarytraining.com\/de\/ausbildung\/kingdom-military-basecamp-charakterreise\/\"\n            title=\"View Post:Kingdom Military Basecamp &#8211; Gruppenreisen\">\n\n                            <div class=\"ui-e-post-img\" style=\"background-image:url(https:\/\/kingdommilitarytraining.com\/wp-content\/uploads\/2024\/01\/shallow-focus-shot-young-soldier-holding-open-bible-field-scaled.jpg)\"><\/div>\n                    <\/a>\n                                                        <\/div>\n\n                        \n                        <div class=\"ui-e-post-content\">\n\n                                                                <a href=\"https:\/\/kingdommilitarytraining.com\/de\/ausbildung\/kingdom-military-basecamp-charakterreise\/\" title=\"View Post:Kingdom Military Basecamp &#8211; Gruppenreisen\">\n            <h4 class=\"ui-e-post-title\">\n                <span> Kingdom Military Basecamp &#8211; Gruppenreisen <\/span>\n            <\/h4>\n        <\/a>\n                                                            <div class=\"ui-e-post-text\">3, 4 oder 5 Tage - Eine tiefgreifende Charakterreise im Ausland voller k\u00f6rperlicher und geistiger Herausforderungen. Dieses Training bietet den&hellip;<\/div>                                                                                            <span class=\"ui-e-match-height\"><\/span>\n                                    <a href=\"https:\/\/kingdommilitarytraining.com\/de\/ausbildung\/kingdom-military-basecamp-charakterreise\/\" class=\"elementor-button-link elementor-button ui-e-readmore\" role=\"button\">\n            <span class=\"elementor-button-content-wrapper\"><span class=\"elementor-button-text\">Zur Ausbildung<\/span> <\/span>        <\/a>\n                                <\/div>\n                    <\/article>\n                <\/div>\n\n                                    <\/div>\n                                <\/div>\n        \n            <div class=\"ui-e-wrp swiper-slide\">\n                                    <div class=\"ui-e-animations-wrp  ui-e-item-anim-fade\">\n                    \n                \n                <div class=\"ui-e-item\">\n                    <article class=\"post-4559 portfolio type-portfolio status-publish has-post-thumbnail hentry\">\n                        <div class=\"ui-e-post-top\">\n                                    <a class=\"ui-e-post-img-wrapp\"\n            href=\"https:\/\/kingdommilitarytraining.com\/de\/ausbildung\/kingdom-military-academy-ausbildungsschule-fuer-junge-fuehrungskraefte\/\"\n            title=\"View Post:Kingdom Military Academy &#8211; Training f\u00fcr neue Leitern\">\n\n                            <div class=\"ui-e-post-img\" style=\"background-image:url(https:\/\/kingdommilitarytraining.com\/wp-content\/uploads\/2025\/02\/military-team-work-hands-huddle-mission-strategy-motivation-paintball-battlefield-goals-collaboration-army-people-with-support-partnership-group-ready-soldiers-650x434.jpg)\"><\/div>\n                    <\/a>\n                                                        <\/div>\n\n                        \n                        <div class=\"ui-e-post-content\">\n\n                                                                <a href=\"https:\/\/kingdommilitarytraining.com\/de\/ausbildung\/kingdom-military-academy-ausbildungsschule-fuer-junge-fuehrungskraefte\/\" title=\"View Post:Kingdom Military Academy &#8211; Training f\u00fcr neue Leitern\">\n            <h4 class=\"ui-e-post-title\">\n                <span> Kingdom Military Academy &#8211; Training f\u00fcr neue Leitern <\/span>\n            <\/h4>\n        <\/a>\n                                                            <div class=\"ui-e-post-text\">12 Wochen - Eine Vollzeitschule. Ein lebensver\u00e4ndernder 3-monatiger Leiterschafts Sch\u00fcle mit milit\u00e4rischen Disziplinen. Dieser leiterschaftssch\u00fcle bietet dir die M\u00f6glichkeit, in&hellip;<\/div>                                                                                            <span class=\"ui-e-match-height\"><\/span>\n                                    <a href=\"https:\/\/kingdommilitarytraining.com\/de\/ausbildung\/kingdom-military-academy-ausbildungsschule-fuer-junge-fuehrungskraefte\/\" class=\"elementor-button-link elementor-button ui-e-readmore\" role=\"button\">\n            <span class=\"elementor-button-content-wrapper\"><span class=\"elementor-button-text\">Zur Ausbildung<\/span> <\/span>        <\/a>\n                                <\/div>\n                    <\/article>\n                <\/div>\n\n                                    <\/div>\n                                <\/div>\n        \n            <div class=\"ui-e-wrp swiper-slide\">\n                                    <div class=\"ui-e-animations-wrp  ui-e-item-anim-fade\">\n                    \n                \n                <div class=\"ui-e-item\">\n                    <article class=\"post-4551 portfolio type-portfolio status-publish has-post-thumbnail hentry\">\n                        <div class=\"ui-e-post-top\">\n                                    <a class=\"ui-e-post-img-wrapp\"\n            href=\"https:\/\/kingdommilitarytraining.com\/de\/ausbildung\/kingdom-military-kids-charaktertraining-fuer-kinder-und-jugendliche\/\"\n            title=\"View Post:Kingdom Military Kids &#8211; Charaktertraining f\u00fcr Kinder und Jugendliche\">\n\n                            <div class=\"ui-e-post-img\" style=\"background-image:url(https:\/\/kingdommilitarytraining.com\/wp-content\/uploads\/2025\/01\/StockCake-Cadet-Training-Exercise_1736304880-1-650x650.jpg)\"><\/div>\n                    <\/a>\n                                                        <\/div>\n\n                        \n                        <div class=\"ui-e-post-content\">\n\n                                                                <a href=\"https:\/\/kingdommilitarytraining.com\/de\/ausbildung\/kingdom-military-kids-charaktertraining-fuer-kinder-und-jugendliche\/\" title=\"View Post:Kingdom Military Kids &#8211; Charaktertraining f\u00fcr Kinder und Jugendliche\">\n            <h4 class=\"ui-e-post-title\">\n                <span> Kingdom Military Kids &#8211; Charaktertraining f\u00fcr Kinder und Jugendliche <\/span>\n            <\/h4>\n        <\/a>\n                                                            <div class=\"ui-e-post-text\">2, 4 oder 8 Stunden - Ein einzigartiges Programm f\u00fcr Kinder und Jugendliche (auch solche, die in komplexen Familiensituationen aufwachsen).&hellip;<\/div>                                                                                            <span class=\"ui-e-match-height\"><\/span>\n                                    <a href=\"https:\/\/kingdommilitarytraining.com\/de\/ausbildung\/kingdom-military-kids-charaktertraining-fuer-kinder-und-jugendliche\/\" class=\"elementor-button-link elementor-button ui-e-readmore\" role=\"button\">\n            <span class=\"elementor-button-content-wrapper\"><span class=\"elementor-button-text\">Zur Ausbildung<\/span> <\/span>        <\/a>\n                                <\/div>\n                    <\/article>\n                <\/div>\n\n                                    <\/div>\n                                <\/div>\n        \n                <\/div>\n            <\/div>\n                    <div class=\"ui-e-button ui-e-carousel-button ui-e-previous\" role=\"button\" aria-label=\"Previous slide\">\n                    <\/div>\n        <div class=\"ui-e-button ui-e-carousel-button ui-e-next\" role=\"button\" aria-label=\"Next slide\">\n            <svg aria-hidden=\"true\" class=\"e-font-icon-svg e-fas-arrow-right\" viewBox=\"0 0 448 512\" xmlns=\"http:\/\/www.w3.org\/2000\/svg\"><path d=\"M190.5 66.9l22.2-22.2c9.4-9.4 24.6-9.4 33.9 0L441 239c9.4 9.4 9.4 24.6 0 33.9L246.6 467.3c-9.4 9.4-24.6 9.4-33.9 0l-22.2-22.2c-9.5-9.5-9.3-25 .4-34.3L311.4 296H24c-13.3 0-24-10.7-24-24v-32c0-13.3 10.7-24 24-24h287.4L190.9 101.2c-9.8-9.3-10-24.8-.4-34.3z\"><\/path><\/svg>        <\/div>\n    \t\t\t\t<\/div>\n\t\t\t\t<\/div>\n\t\t\t\t<\/div>\n\t\t\t\t<\/div>\n\t\t","protected":false},"excerpt":{"rendered":"excerpt","protected":false},"author":2,"featured_media":0,"parent":0,"menu_order":0,"comment_status":"closed","ping_status":"closed","template":"","meta":{"episode_type":"","audio_file":"","podmotor_file_id":"","podmotor_episode_id":"","cover_image":"","cover_image_id":"","duration":"","filesize":"","filesize_raw":"","date_recorded":"","explicit":"","block":"","footnotes":""},"class_list":["post-4538","page","type-page","status-publish","hentry"],"wpcf_dashboard":"<div class=\"woocommerce\"><div class=\"woocommerce-info\">Please log in first? <a class=\"wpneoShowLogin\" href=\"#\">Click here to login<\/a><\/div><div class=\"wpneo_login_form_div\" style=\"display: none;\"><form name=\"loginform\" id=\"loginform\" action=\"https:\/\/kingdommilitarytraining.com\/de\/wp-login.php\" method=\"post\"><p class=\"login-username\">\n\t\t\t\t<label for=\"user_login\">Benutzername oder E-Mail-Adresse<\/label>\n\t\t\t\t<input type=\"text\" name=\"log\" id=\"user_login\" autocomplete=\"username\" class=\"input\" value=\"\" size=\"20\" \/>\n\t\t\t<\/p><p class=\"login-password\">\n\t\t\t\t<label for=\"user_pass\">Passwort<\/label>\n\t\t\t\t<input type=\"password\" name=\"pwd\" id=\"user_pass\" autocomplete=\"current-password\" spellcheck=\"false\" class=\"input\" value=\"\" size=\"20\" \/>\n\t\t\t<\/p><p class=\"login-remember\"><label><input name=\"rememberme\" type=\"checkbox\" id=\"rememberme\" value=\"forever\" \/> Angemeldet bleiben<\/label><\/p><p class=\"login-submit\">\n\t\t\t\t<input type=\"submit\" name=\"wp-submit\" id=\"wp-submit\" class=\"button button-primary\" value=\"Anmelden\" \/>\n\t\t\t\t<input type=\"hidden\" name=\"redirect_to\" value=\"https:\/\/kingdommilitarytraining.com\/de\/wp-json\/wp\/v2\/pages\/4538\" \/>\n\t\t\t<\/p><\/form><\/div><\/div>","_links":{"self":[{"href":"https:\/\/kingdommilitarytraining.com\/de\/wp-json\/wp\/v2\/pages\/4538","targetHints":{"allow":["GET"]}}],"collection":[{"href":"https:\/\/kingdommilitarytraining.com\/de\/wp-json\/wp\/v2\/pages"}],"about":[{"href":"https:\/\/kingdommilitarytraining.com\/de\/wp-json\/wp\/v2\/types\/page"}],"author":[{"embeddable":true,"href":"https:\/\/kingdommilitarytraining.com\/de\/wp-json\/wp\/v2\/users\/2"}],"replies":[{"embeddable":true,"href":"https:\/\/kingdommilitarytraining.com\/de\/wp-json\/wp\/v2\/comments?post=4538"}],"version-history":[{"count":18,"href":"https:\/\/kingdommilitarytraining.com\/de\/wp-json\/wp\/v2\/pages\/4538\/revisions"}],"predecessor-version":[{"id":5608,"href":"https:\/\/kingdommilitarytraining.com\/de\/wp-json\/wp\/v2\/pages\/4538\/revisions\/5608"}],"wp:attachment":[{"href":"https:\/\/kingdommilitarytraining.com\/de\/wp-json\/wp\/v2\/media?parent=4538"}],"curies":[{"name":"wp","href":"https:\/\/api.w.org\/{rel}","templated":true}]}}